{"id":2905,"date":"2020-09-28T21:32:38","date_gmt":"2020-09-28T21:32:38","guid":{"rendered":"https:\/\/newsroom.wordifysites.com\/?page_id=133"},"modified":"2024-08-13T13:35:18","modified_gmt":"2024-08-13T16:35:18","slug":"home","status":"publish","type":"page","link":"https:\/\/www.litoralmodaintima.com.br\/blog\/","title":{"rendered":"Home Page"},"content":{"rendered":"<section class=\"gb-container gb-container-dee0bfee\">\n\n<div class=\"gb-grid-wrapper gb-grid-wrapper-c9bd997a gb-query-loop-wrapper\">\n<div class=\"gb-grid-column gb-grid-column-1d00891a gb-query-loop-item post-3615 post type-post status-publish format-standard has-post-thumbnail hentry category-dicas-de-saude\"><article class=\"gb-container gb-container-1d00891a\">\n<div class=\"gb-container gb-container-de5a9cc3\">\n<div class=\"gb-container gb-container-e49c9a09\">\n<figure class=\"gb-block-image gb-block-image-8224086f\"><a href=\"https:\/\/www.litoralmodaintima.com.br\/blog\/tensao-sexual-sinais\/\"><img loading=\"lazy\" decoding=\"async\" width=\"1024\" height=\"576\" src=\"https:\/\/blogbackend.litoralmodaintima.com.br\/wp-content\/uploads\/2023\/01\/img-a-tensao-sexual-sinais-litoral-1024x576.webp\" class=\"gb-image-8224086f\" alt=\"Um casal se abra\u00e7ando com clima de tens\u00e3o sexual.\" srcset=\"https:\/\/blogbackend.litoralmodaintima.com.br\/wp-content\/uploads\/2023\/01\/img-a-tensao-sexual-sinais-litoral-1024x576.webp 1024w, https:\/\/blogbackend.litoralmodaintima.com.br\/wp-content\/uploads\/2023\/01\/img-a-tensao-sexual-sinais-litoral-300x169.webp 300w, https:\/\/blogbackend.litoralmodaintima.com.br\/wp-content\/uploads\/2023\/01\/img-a-tensao-sexual-sinais-litoral-768x432.webp 768w, https:\/\/blogbackend.litoralmodaintima.com.br\/wp-content\/uploads\/2023\/01\/img-a-tensao-sexual-sinais-litoral.webp 1280w\" sizes=\"auto, (max-width: 1024px) 100vw, 1024px\" title=\"\"><\/a><\/figure>\n<\/div>\n\n<div class=\"gb-container gb-container-20041c6e\">\n<h3 class=\"gb-headline gb-headline-8c215d81 gb-headline-text\"><span class=\"post-term-item term-dicas-de-saude\"><a href=\"https:\/\/www.litoralmodaintima.com.br\/blog\/c\/dicas-de-saude\/\">Dicas de Sa\u00fade<\/a><\/span><\/h3>\n\n<h3 class=\"gb-headline gb-headline-533316fd gb-headline-text\"><a href=\"https:\/\/www.litoralmodaintima.com.br\/blog\/tensao-sexual-sinais\/\">Tens\u00e3o sexual: o que \u00e9 e 7 sinais claros para identificar<\/a><\/h3>\n\n<div class=\"wp-block-post-author\"><div class=\"wp-block-post-author__avatar\"><img loading=\"lazy\" decoding=\"async\" alt=\"\" src=\"https:\/\/secure.gravatar.com\/avatar\/e219aa3e156851beceb98e6c715cfe3a3cdd79f568210a9270ea6e0aee216d15?s=24&#038;d=mm&#038;r=g\" srcset=\"https:\/\/secure.gravatar.com\/avatar\/e219aa3e156851beceb98e6c715cfe3a3cdd79f568210a9270ea6e0aee216d15?s=48&#038;d=mm&#038;r=g 2x\" class=\"avatar avatar-24 photo\" height=\"24\" width=\"24\" title=\"\"><\/div><div class=\"wp-block-post-author__content\"><p class=\"wp-block-post-author__name\"><a href=\"https:\/\/www.litoralmodaintima.com.br\/blog\/autor\/bruno\/\" target=\"_self\">Especialista Litoral Moda \u00cdntima<\/a><\/p><\/div><\/div>\n\n\n<div style=\"height:10px\" aria-hidden=\"true\" class=\"wp-block-spacer\"><\/div>\n\n\n\n<div class=\"wp-block-group is-nowrap is-layout-flex wp-container-core-group-is-layout-ad2f72ca wp-block-group-is-layout-flex\"><p class=\"gb-headline gb-headline-353e0673\"><span class=\"gb-icon\"><svg viewbox=\"0 0 16 16\" class=\"bi bi-calendar\" fill=\"currentColor\" height=\"16\" width=\"16\" xmlns=\"http:\/\/www.w3.org\/2000\/svg\">   <path d=\"M3.5 0a.5.5 0 0 1 .5.5V1h8V.5a.5.5 0 0 1 1 0V1h1a2 2 0 0 1 2 2v11a2 2 0 0 1-2 2H2a2 2 0 0 1-2-2V3a2 2 0 0 1 2-2h1V.5a.5.5 0 0 1 .5-.5M1 4v10a1 1 0 0 0 1 1h12a1 1 0 0 0 1-1V4z\"><\/path> <\/svg><\/span><span class=\"gb-headline-text\"><time class=\"entry-date published\" datetime=\"2026-04-29T08:00:00-03:00\">29\/04\/2026<\/time><\/span><\/p>\n\n<p class=\"gb-headline gb-headline-39f63727\"><span class=\"gb-icon\"><svg viewbox=\"0 0 16 16\" class=\"bi bi-calendar-check\" fill=\"currentColor\" height=\"16\" width=\"16\" xmlns=\"http:\/\/www.w3.org\/2000\/svg\">   <path d=\"M10.854 7.146a.5.5 0 0 1 0 .708l-3 3a.5.5 0 0 1-.708 0l-1.5-1.5a.5.5 0 1 1 .708-.708L7.5 9.793l2.646-2.647a.5.5 0 0 1 .708 0\"><\/path>   <path d=\"M3.5 0a.5.5 0 0 1 .5.5V1h8V.5a.5.5 0 0 1 1 0V1h1a2 2 0 0 1 2 2v11a2 2 0 0 1-2 2H2a2 2 0 0 1-2-2V3a2 2 0 0 1 2-2h1V.5a.5.5 0 0 1 .5-.5M1 4v10a1 1 0 0 0 1 1h12a1 1 0 0 0 1-1V4z\"><\/path> <\/svg><\/span><span class=\"gb-headline-text\"><time class=\"entry-date updated-date\" datetime=\"2026-05-04T14:22:23-03:00\">04\/05\/2026<\/time><\/span><\/p>\n\n<span class=\"bsf-rt-reading-time\"><span class=\"bsf-rt-display-label\" prefix=\"\">\n\t\t<\/span> <span class=\"bsf-rt-display-time\" reading_time=\"1\"><\/span> \n\t\t<span class=\"bsf-rt-display-postfix\" postfix=\"min de leitura\"><\/span><\/span>\n<\/div>\n\n\n<p class=\"gb-headline gb-headline-a4333d44 gb-headline-text\">Tens\u00e3o sexual \u00e9 aquele clima de atra\u00e7\u00e3o que aparece no olhar, nas conversas e na proximidade entre duas pessoas. Entenda os sinais.<\/p>\n\n<a class=\"gb-button gb-button-1c4f2dae gb-button-text\" href=\"https:\/\/www.litoralmodaintima.com.br\/blog\/tensao-sexual-sinais\/\">Leia mais<\/a>\n<\/div>\n<\/div>\n<\/article><\/div>\n\n<div class=\"gb-grid-column gb-grid-column-1d00891a gb-query-loop-item post-3594 post type-post status-publish format-standard has-post-thumbnail hentry category-dicas-de-saude\"><article class=\"gb-container gb-container-1d00891a\">\n<div class=\"gb-container gb-container-de5a9cc3\">\n<div class=\"gb-container gb-container-e49c9a09\">\n<figure class=\"gb-block-image gb-block-image-8224086f\"><a href=\"https:\/\/www.litoralmodaintima.com.br\/blog\/o-que-e-golden-shower\/\"><img loading=\"lazy\" decoding=\"async\" width=\"714\" height=\"595\" src=\"https:\/\/blogbackend.litoralmodaintima.com.br\/wp-content\/uploads\/2024\/10\/Golden-Shower-o-que-e-e-como-praticar.webp\" class=\"gb-image-8224086f\" alt=\"\" srcset=\"https:\/\/blogbackend.litoralmodaintima.com.br\/wp-content\/uploads\/2024\/10\/Golden-Shower-o-que-e-e-como-praticar.webp 714w, https:\/\/blogbackend.litoralmodaintima.com.br\/wp-content\/uploads\/2024\/10\/Golden-Shower-o-que-e-e-como-praticar-300x250.webp 300w\" sizes=\"auto, (max-width: 714px) 100vw, 714px\" title=\"\"><\/a><\/figure>\n<\/div>\n\n<div class=\"gb-container gb-container-20041c6e\">\n<h3 class=\"gb-headline gb-headline-8c215d81 gb-headline-text\"><span class=\"post-term-item term-dicas-de-saude\"><a href=\"https:\/\/www.litoralmodaintima.com.br\/blog\/c\/dicas-de-saude\/\">Dicas de Sa\u00fade<\/a><\/span><\/h3>\n\n<h3 class=\"gb-headline gb-headline-533316fd gb-headline-text\"><a href=\"https:\/\/www.litoralmodaintima.com.br\/blog\/o-que-e-golden-shower\/\">Golden shower: o que \u00e9 e dicas para experimentar com seguran\u00e7a<\/a><\/h3>\n\n<div class=\"wp-block-post-author\"><div class=\"wp-block-post-author__avatar\"><img loading=\"lazy\" decoding=\"async\" alt=\"\" src=\"https:\/\/secure.gravatar.com\/avatar\/e219aa3e156851beceb98e6c715cfe3a3cdd79f568210a9270ea6e0aee216d15?s=24&#038;d=mm&#038;r=g\" srcset=\"https:\/\/secure.gravatar.com\/avatar\/e219aa3e156851beceb98e6c715cfe3a3cdd79f568210a9270ea6e0aee216d15?s=48&#038;d=mm&#038;r=g 2x\" class=\"avatar avatar-24 photo\" height=\"24\" width=\"24\" title=\"\"><\/div><div class=\"wp-block-post-author__content\"><p class=\"wp-block-post-author__name\"><a href=\"https:\/\/www.litoralmodaintima.com.br\/blog\/autor\/bruno\/\" target=\"_self\">Especialista Litoral Moda \u00cdntima<\/a><\/p><\/div><\/div>\n\n\n<div style=\"height:10px\" aria-hidden=\"true\" class=\"wp-block-spacer\"><\/div>\n\n\n\n<div class=\"wp-block-group is-nowrap is-layout-flex wp-container-core-group-is-layout-ad2f72ca wp-block-group-is-layout-flex\"><p class=\"gb-headline gb-headline-353e0673\"><span class=\"gb-icon\"><svg viewbox=\"0 0 16 16\" class=\"bi bi-calendar\" fill=\"currentColor\" height=\"16\" width=\"16\" xmlns=\"http:\/\/www.w3.org\/2000\/svg\">   <path d=\"M3.5 0a.5.5 0 0 1 .5.5V1h8V.5a.5.5 0 0 1 1 0V1h1a2 2 0 0 1 2 2v11a2 2 0 0 1-2 2H2a2 2 0 0 1-2-2V3a2 2 0 0 1 2-2h1V.5a.5.5 0 0 1 .5-.5M1 4v10a1 1 0 0 0 1 1h12a1 1 0 0 0 1-1V4z\"><\/path> <\/svg><\/span><span class=\"gb-headline-text\"><time class=\"entry-date published\" datetime=\"2026-04-23T08:00:00-03:00\">23\/04\/2026<\/time><\/span><\/p>\n\n<p class=\"gb-headline gb-headline-39f63727\"><span class=\"gb-icon\"><svg viewbox=\"0 0 16 16\" class=\"bi bi-calendar-check\" fill=\"currentColor\" height=\"16\" width=\"16\" xmlns=\"http:\/\/www.w3.org\/2000\/svg\">   <path d=\"M10.854 7.146a.5.5 0 0 1 0 .708l-3 3a.5.5 0 0 1-.708 0l-1.5-1.5a.5.5 0 1 1 .708-.708L7.5 9.793l2.646-2.647a.5.5 0 0 1 .708 0\"><\/path>   <path d=\"M3.5 0a.5.5 0 0 1 .5.5V1h8V.5a.5.5 0 0 1 1 0V1h1a2 2 0 0 1 2 2v11a2 2 0 0 1-2 2H2a2 2 0 0 1-2-2V3a2 2 0 0 1 2-2h1V.5a.5.5 0 0 1 .5-.5M1 4v10a1 1 0 0 0 1 1h12a1 1 0 0 0 1-1V4z\"><\/path> <\/svg><\/span><span class=\"gb-headline-text\"><time class=\"entry-date updated-date\" datetime=\"2026-04-23T14:53:51-03:00\">23\/04\/2026<\/time><\/span><\/p>\n\n<span class=\"bsf-rt-reading-time\"><span class=\"bsf-rt-display-label\" prefix=\"\">\n\t\t<\/span> <span class=\"bsf-rt-display-time\" reading_time=\"1\"><\/span> \n\t\t<span class=\"bsf-rt-display-postfix\" postfix=\"min de leitura\"><\/span><\/span>\n<\/div>\n\n\n<p class=\"gb-headline gb-headline-a4333d44 gb-headline-text\">Golden shower \u00e9 uma pr\u00e1tica que desperta curiosidade. Entenda o que \u00e9 e veja dicas para experimentar com mais seguran\u00e7a.<\/p>\n\n<a class=\"gb-button gb-button-1c4f2dae gb-button-text\" href=\"https:\/\/www.litoralmodaintima.com.br\/blog\/o-que-e-golden-shower\/\">Leia mais<\/a>\n<\/div>\n<\/div>\n<\/article><\/div>\n\n<div class=\"gb-grid-column gb-grid-column-1d00891a gb-query-loop-item post-4789 post type-post status-publish format-standard has-post-thumbnail hentry category-dicas-de-saude\"><article class=\"gb-container gb-container-1d00891a\">\n<div class=\"gb-container gb-container-de5a9cc3\">\n<div class=\"gb-container gb-container-e49c9a09\">\n<figure class=\"gb-block-image gb-block-image-8224086f\"><a href=\"https:\/\/www.litoralmodaintima.com.br\/blog\/como-fazer-sexo-anal-sem-dor\/\"><img loading=\"lazy\" decoding=\"async\" width=\"1024\" height=\"576\" src=\"https:\/\/blogbackend.litoralmodaintima.com.br\/wp-content\/uploads\/2026\/04\/img-a-como-fazer-sexo-anal-sem-dor-moda-intima-1-1024x576.webp\" class=\"gb-image-8224086f\" alt=\"Casal discutindo como fazer sexo anal.\" srcset=\"https:\/\/blogbackend.litoralmodaintima.com.br\/wp-content\/uploads\/2026\/04\/img-a-como-fazer-sexo-anal-sem-dor-moda-intima-1-1024x576.webp 1024w, https:\/\/blogbackend.litoralmodaintima.com.br\/wp-content\/uploads\/2026\/04\/img-a-como-fazer-sexo-anal-sem-dor-moda-intima-1-300x169.webp 300w, https:\/\/blogbackend.litoralmodaintima.com.br\/wp-content\/uploads\/2026\/04\/img-a-como-fazer-sexo-anal-sem-dor-moda-intima-1-768x432.webp 768w, https:\/\/blogbackend.litoralmodaintima.com.br\/wp-content\/uploads\/2026\/04\/img-a-como-fazer-sexo-anal-sem-dor-moda-intima-1.webp 1280w\" sizes=\"auto, (max-width: 1024px) 100vw, 1024px\" title=\"\"><\/a><\/figure>\n<\/div>\n\n<div class=\"gb-container gb-container-20041c6e\">\n<h3 class=\"gb-headline gb-headline-8c215d81 gb-headline-text\"><span class=\"post-term-item term-dicas-de-saude\"><a href=\"https:\/\/www.litoralmodaintima.com.br\/blog\/c\/dicas-de-saude\/\">Dicas de Sa\u00fade<\/a><\/span><\/h3>\n\n<h3 class=\"gb-headline gb-headline-533316fd gb-headline-text\"><a href=\"https:\/\/www.litoralmodaintima.com.br\/blog\/como-fazer-sexo-anal-sem-dor\/\">Como fazer sexo anal sem dor? 8 dicas para ter prazer<\/a><\/h3>\n\n<div class=\"wp-block-post-author\"><div class=\"wp-block-post-author__avatar\"><img loading=\"lazy\" decoding=\"async\" alt=\"\" src=\"https:\/\/secure.gravatar.com\/avatar\/e219aa3e156851beceb98e6c715cfe3a3cdd79f568210a9270ea6e0aee216d15?s=24&#038;d=mm&#038;r=g\" srcset=\"https:\/\/secure.gravatar.com\/avatar\/e219aa3e156851beceb98e6c715cfe3a3cdd79f568210a9270ea6e0aee216d15?s=48&#038;d=mm&#038;r=g 2x\" class=\"avatar avatar-24 photo\" height=\"24\" width=\"24\" title=\"\"><\/div><div class=\"wp-block-post-author__content\"><p class=\"wp-block-post-author__name\"><a href=\"https:\/\/www.litoralmodaintima.com.br\/blog\/autor\/bruno\/\" target=\"_self\">Especialista Litoral Moda \u00cdntima<\/a><\/p><\/div><\/div>\n\n\n<div style=\"height:10px\" aria-hidden=\"true\" class=\"wp-block-spacer\"><\/div>\n\n\n\n<div class=\"wp-block-group is-nowrap is-layout-flex wp-container-core-group-is-layout-ad2f72ca wp-block-group-is-layout-flex\"><p class=\"gb-headline gb-headline-353e0673\"><span class=\"gb-icon\"><svg viewbox=\"0 0 16 16\" class=\"bi bi-calendar\" fill=\"currentColor\" height=\"16\" width=\"16\" xmlns=\"http:\/\/www.w3.org\/2000\/svg\">   <path d=\"M3.5 0a.5.5 0 0 1 .5.5V1h8V.5a.5.5 0 0 1 1 0V1h1a2 2 0 0 1 2 2v11a2 2 0 0 1-2 2H2a2 2 0 0 1-2-2V3a2 2 0 0 1 2-2h1V.5a.5.5 0 0 1 .5-.5M1 4v10a1 1 0 0 0 1 1h12a1 1 0 0 0 1-1V4z\"><\/path> <\/svg><\/span><span class=\"gb-headline-text\"><time class=\"entry-date published\" datetime=\"2026-04-22T17:05:41-03:00\">22\/04\/2026<\/time><\/span><\/p>\n\n<p class=\"gb-headline gb-headline-39f63727\"><span class=\"gb-icon\"><svg viewbox=\"0 0 16 16\" class=\"bi bi-calendar-check\" fill=\"currentColor\" height=\"16\" width=\"16\" xmlns=\"http:\/\/www.w3.org\/2000\/svg\">   <path d=\"M10.854 7.146a.5.5 0 0 1 0 .708l-3 3a.5.5 0 0 1-.708 0l-1.5-1.5a.5.5 0 1 1 .708-.708L7.5 9.793l2.646-2.647a.5.5 0 0 1 .708 0\"><\/path>   <path d=\"M3.5 0a.5.5 0 0 1 .5.5V1h8V.5a.5.5 0 0 1 1 0V1h1a2 2 0 0 1 2 2v11a2 2 0 0 1-2 2H2a2 2 0 0 1-2-2V3a2 2 0 0 1 2-2h1V.5a.5.5 0 0 1 .5-.5M1 4v10a1 1 0 0 0 1 1h12a1 1 0 0 0 1-1V4z\"><\/path> <\/svg><\/span><span class=\"gb-headline-text\"><time class=\"entry-date updated-date\" datetime=\"2026-04-23T14:38:45-03:00\">23\/04\/2026<\/time><\/span><\/p>\n\n<span class=\"bsf-rt-reading-time\"><span class=\"bsf-rt-display-label\" prefix=\"\">\n\t\t<\/span> <span class=\"bsf-rt-display-time\" reading_time=\"1\"><\/span> \n\t\t<span class=\"bsf-rt-display-postfix\" postfix=\"min de leitura\"><\/span><\/span>\n<\/div>\n\n\n<p class=\"gb-headline gb-headline-a4333d44 gb-headline-text\">Se voc\u00ea quer entender como fazer sexo anal sem dor, neste conte\u00fado voc\u00ea vai ver o que ajuda, o que atrapalha e quais cuidados fazem diferen\u00e7a. Confira!<\/p>\n\n<a class=\"gb-button gb-button-1c4f2dae gb-button-text\" href=\"https:\/\/www.litoralmodaintima.com.br\/blog\/como-fazer-sexo-anal-sem-dor\/\">Leia mais<\/a>\n<\/div>\n<\/div>\n<\/article><\/div>\n\n<div class=\"gb-grid-column gb-grid-column-1d00891a gb-query-loop-item post-4745 post type-post status-publish format-standard has-post-thumbnail hentry category-dicas-de-saude\"><article class=\"gb-container gb-container-1d00891a\">\n<div class=\"gb-container gb-container-de5a9cc3\">\n<div class=\"gb-container gb-container-e49c9a09\">\n<figure class=\"gb-block-image gb-block-image-8224086f\"><a href=\"https:\/\/www.litoralmodaintima.com.br\/blog\/como-se-masturbar-sozinha\/\"><img loading=\"lazy\" decoding=\"async\" width=\"1024\" height=\"576\" src=\"https:\/\/blogbackend.litoralmodaintima.com.br\/wp-content\/uploads\/2026\/03\/img-a-como-se-masturbar-sozinha-litoral-moda-intima-1024x576.webp\" class=\"gb-image-8224086f\" alt=\"Mulher mostrando como se masturbar sozinha com uma mexerica.\" srcset=\"https:\/\/blogbackend.litoralmodaintima.com.br\/wp-content\/uploads\/2026\/03\/img-a-como-se-masturbar-sozinha-litoral-moda-intima-1024x576.webp 1024w, https:\/\/blogbackend.litoralmodaintima.com.br\/wp-content\/uploads\/2026\/03\/img-a-como-se-masturbar-sozinha-litoral-moda-intima-300x169.webp 300w, https:\/\/blogbackend.litoralmodaintima.com.br\/wp-content\/uploads\/2026\/03\/img-a-como-se-masturbar-sozinha-litoral-moda-intima-768x432.webp 768w, https:\/\/blogbackend.litoralmodaintima.com.br\/wp-content\/uploads\/2026\/03\/img-a-como-se-masturbar-sozinha-litoral-moda-intima.webp 1280w\" sizes=\"auto, (max-width: 1024px) 100vw, 1024px\" title=\"\"><\/a><\/figure>\n<\/div>\n\n<div class=\"gb-container gb-container-20041c6e\">\n<h3 class=\"gb-headline gb-headline-8c215d81 gb-headline-text\"><span class=\"post-term-item term-dicas-de-saude\"><a href=\"https:\/\/www.litoralmodaintima.com.br\/blog\/c\/dicas-de-saude\/\">Dicas de Sa\u00fade<\/a><\/span><\/h3>\n\n<h3 class=\"gb-headline gb-headline-533316fd gb-headline-text\"><a href=\"https:\/\/www.litoralmodaintima.com.br\/blog\/como-se-masturbar-sozinha\/\">Como se masturbar sozinha? 9 dicas para fazer sexo sozinha<\/a><\/h3>\n\n<div class=\"wp-block-post-author\"><div class=\"wp-block-post-author__avatar\"><img loading=\"lazy\" decoding=\"async\" alt=\"\" src=\"https:\/\/secure.gravatar.com\/avatar\/e219aa3e156851beceb98e6c715cfe3a3cdd79f568210a9270ea6e0aee216d15?s=24&#038;d=mm&#038;r=g\" srcset=\"https:\/\/secure.gravatar.com\/avatar\/e219aa3e156851beceb98e6c715cfe3a3cdd79f568210a9270ea6e0aee216d15?s=48&#038;d=mm&#038;r=g 2x\" class=\"avatar avatar-24 photo\" height=\"24\" width=\"24\" title=\"\"><\/div><div class=\"wp-block-post-author__content\"><p class=\"wp-block-post-author__name\"><a href=\"https:\/\/www.litoralmodaintima.com.br\/blog\/autor\/bruno\/\" target=\"_self\">Especialista Litoral Moda \u00cdntima<\/a><\/p><\/div><\/div>\n\n\n<div style=\"height:10px\" aria-hidden=\"true\" class=\"wp-block-spacer\"><\/div>\n\n\n\n<div class=\"wp-block-group is-nowrap is-layout-flex wp-container-core-group-is-layout-ad2f72ca wp-block-group-is-layout-flex\"><p class=\"gb-headline gb-headline-353e0673\"><span class=\"gb-icon\"><svg viewbox=\"0 0 16 16\" class=\"bi bi-calendar\" fill=\"currentColor\" height=\"16\" width=\"16\" xmlns=\"http:\/\/www.w3.org\/2000\/svg\">   <path d=\"M3.5 0a.5.5 0 0 1 .5.5V1h8V.5a.5.5 0 0 1 1 0V1h1a2 2 0 0 1 2 2v11a2 2 0 0 1-2 2H2a2 2 0 0 1-2-2V3a2 2 0 0 1 2-2h1V.5a.5.5 0 0 1 .5-.5M1 4v10a1 1 0 0 0 1 1h12a1 1 0 0 0 1-1V4z\"><\/path> <\/svg><\/span><span class=\"gb-headline-text\"><time class=\"entry-date published\" datetime=\"2026-03-20T19:15:16-03:00\">20\/03\/2026<\/time><\/span><\/p>\n\n\n\n<span class=\"bsf-rt-reading-time\"><span class=\"bsf-rt-display-label\" prefix=\"\">\n\t\t<\/span> <span class=\"bsf-rt-display-time\" reading_time=\"1\"><\/span> \n\t\t<span class=\"bsf-rt-display-postfix\" postfix=\"min de leitura\"><\/span><\/span>\n<\/div>\n\n\n<p class=\"gb-headline gb-headline-a4333d44 gb-headline-text\">Descubra 9 dicas para explorar seu corpo, testar est\u00edmulos e viver esse momento. Veja agora! <\/p>\n\n<a class=\"gb-button gb-button-1c4f2dae gb-button-text\" href=\"https:\/\/www.litoralmodaintima.com.br\/blog\/como-se-masturbar-sozinha\/\">Leia mais<\/a>\n<\/div>\n<\/div>\n<\/article><\/div>\n<\/div>\n\n<div class=\"gb-container gb-container-902495e7 gb-query-loop-pagination\">\n\n\n<span class=\"gb-button gb-button-11832d4f gb-button-text page-numbers gb-block-is-current\" aria-current=\"page\">1<\/span><a class=\"gb-button gb-button-11832d4f gb-button-text page-numbers\" href=\"?query-095a64a7-page=2\">2<\/a><a class=\"gb-button gb-button-11832d4f gb-button-text page-numbers\" href=\"?query-095a64a7-page=3\">3<\/a><span class=\"gb-button gb-button-11832d4f gb-button-text page-numbers dots\">\u2026<\/span><a class=\"gb-button gb-button-11832d4f gb-button-text page-numbers\" href=\"?query-095a64a7-page=101\">101<\/a>\n\n<a class=\"gb-button gb-button-b7361607 gb-button-text\" href=\"\/wp-json\/wp\/v2\/pages\/2905?query-095a64a7-page=2\">Pr\u00f3ximo<\/a>\n<\/div>\n\n<\/section>","protected":false},"excerpt":{"rendered":"","protected":false},"author":1,"featured_media":0,"parent":0,"menu_order":0,"comment_status":"closed","ping_status":"closed","template":"","meta":{"footnotes":""},"class_list":["post-2905","page","type-page","status-publish"],"_links":{"self":[{"href":"https:\/\/www.litoralmodaintima.com.br\/blog\/wp-json\/wp\/v2\/pages\/2905","targetHints":{"allow":["GET"]}}],"collection":[{"href":"https:\/\/www.litoralmodaintima.com.br\/blog\/wp-json\/wp\/v2\/pages"}],"about":[{"href":"https:\/\/www.litoralmodaintima.com.br\/blog\/wp-json\/wp\/v2\/types\/page"}],"author":[{"embeddable":true,"href":"https:\/\/www.litoralmodaintima.com.br\/blog\/wp-json\/wp\/v2\/users\/1"}],"replies":[{"embeddable":true,"href":"https:\/\/www.litoralmodaintima.com.br\/blog\/wp-json\/wp\/v2\/comments?post=2905"}],"version-history":[{"count":38,"href":"https:\/\/www.litoralmodaintima.com.br\/blog\/wp-json\/wp\/v2\/pages\/2905\/revisions"}],"predecessor-version":[{"id":3292,"href":"https:\/\/www.litoralmodaintima.com.br\/blog\/wp-json\/wp\/v2\/pages\/2905\/revisions\/3292"}],"wp:attachment":[{"href":"https:\/\/www.litoralmodaintima.com.br\/blog\/wp-json\/wp\/v2\/media?parent=2905"}],"curies":[{"name":"wp","href":"https:\/\/api.w.org\/{rel}","templated":true}]}}